{"id":69,"date":"2022-01-26T13:47:59","date_gmt":"2022-01-26T12:47:59","guid":{"rendered":"https:\/\/3dnow.fr\/nyfi_divi\/?page_id=69"},"modified":"2024-11-28T07:47:26","modified_gmt":"2024-11-28T06:47:26","slug":"philanthropy","status":"publish","type":"page","link":"https:\/\/www.nyfi.fr\/uk\/philanthropy\/","title":{"rendered":"Philanthropy"},"content":{"rendered":"<p>[et_pb_section fb_built=\u00a0\u00bb1&Prime; _builder_version=\u00a0\u00bb4.17.4&Prime; _module_preset=\u00a0\u00bbdefault\u00a0\u00bb background_color=\u00a0\u00bbRGBA(255,255,255,0)\u00a0\u00bb background_image=\u00a0\u00bbhttps:\/\/www.nyfi.fr\/uk\/wp-content\/uploads\/2022\/05\/fond.001.jpg\u00a0\u00bb background_repeat=\u00a0\u00bbrepeat\u00a0\u00bb max_width_tablet=\u00a0\u00bb\u00a0\u00bb max_width_phone=\u00a0\u00bb\u00a0\u00bb max_width_last_edited=\u00a0\u00bbon|desktop\u00a0\u00bb min_height=\u00a0\u00bb100vh\u00a0\u00bb min_height_tablet=\u00a0\u00bb\u00a0\u00bb min_height_phone=\u00a0\u00bb\u00a0\u00bb min_height_last_edited=\u00a0\u00bbon|desktop\u00a0\u00bb height=\u00a0\u00bb100vh\u00a0\u00bb height_tablet=\u00a0\u00bbauto\u00a0\u00bb height_phone=\u00a0\u00bb\u00a0\u00bb height_last_edited=\u00a0\u00bbon|tablet\u00a0\u00bb max_height=\u00a0\u00bb100vh\u00a0\u00bb max_height_tablet=\u00a0\u00bb\u00a0\u00bb max_height_phone=\u00a0\u00bb\u00a0\u00bb max_height_last_edited=\u00a0\u00bbon|phone\u00a0\u00bb custom_margin=\u00a0\u00bb||||false|false\u00a0\u00bb custom_padding=\u00a0\u00bb120px||20px||false|false\u00a0\u00bb animation_style=\u00a0\u00bbfade\u00a0\u00bb custom_css_main_element=\u00a0\u00bbbackground-attachment: fixed;||display: flex;||flex-direction: column;||justify-content: center;\u00a0\u00bb global_colors_info=\u00a0\u00bb{}\u00a0\u00bb][et_pb_row use_custom_gutter=\u00a0\u00bbon\u00a0\u00bb gutter_width=\u00a0\u00bb2&Prime; make_equal=\u00a0\u00bbon\u00a0\u00bb _builder_version=\u00a0\u00bb4.27.4&Prime; _module_preset=\u00a0\u00bbdefault\u00a0\u00bb background_color=\u00a0\u00bbrgba(255,255,255,0.74)\u00a0\u00bb width=\u00a0\u00bb90%\u00a0\u00bb max_width=\u00a0\u00bb1920px\u00a0\u00bb custom_margin=\u00a0\u00bb||0px||false|false\u00a0\u00bb custom_padding=\u00a0\u00bb20px|30px|0px|30px|false|false\u00a0\u00bb hover_enabled=\u00a0\u00bb0&Prime; border_radii=\u00a0\u00bboff|5px|5px||\u00a0\u00bb global_colors_info=\u00a0\u00bb{}\u00a0\u00bb sticky_enabled=\u00a0\u00bb0&Prime;][et_pb_column type=\u00a0\u00bb4_4&Prime; _builder_version=\u00a0\u00bb4.16&Prime; _module_preset=\u00a0\u00bbdefault\u00a0\u00bb custom_padding=\u00a0\u00bb0px|0px|0px|0px|false|false\u00a0\u00bb global_colors_info=\u00a0\u00bb{}\u00a0\u00bb][et_pb_post_title meta=\u00a0\u00bboff\u00a0\u00bb featured_image=\u00a0\u00bboff\u00a0\u00bb _builder_version=\u00a0\u00bb4.16&Prime; _module_preset=\u00a0\u00bbdefault\u00a0\u00bb title_font_size=\u00a0\u00bb30px\u00a0\u00bb background_color=\u00a0\u00bbRGBA(255,255,255,0)\u00a0\u00bb custom_padding=\u00a0\u00bb0px|||0px|false|false\u00a0\u00bb global_colors_info=\u00a0\u00bb{}\u00a0\u00bb][\/et_pb_post_title][et_pb_text content_tablet=\u00a0\u00bb<\/p>\n<p style=%22text-align: left;%22>Parce qu\u2019on ne grandit qu\u2019en rendant aux autres la part de chance dont on a b\u00e9n\u00e9fici\u00e9, NYFI a, d\u00e8s le d\u00e9but, une vocation d\u2019ouverture aux autres et de partage. Encourageant la rencontre entre art, business et technique, elle y a d\u00e9di\u00e9 la Galerie du 64 bis. Expositions composites, m\u00ealant art et industrie, conf\u00e9rences, en quinze ans, la galerie a accueilli nombre de performances stimulantes. Parall\u00e8lement, ces derni\u00e8res ann\u00e9es, nous avons souhait\u00e9, chez NYFI, encourager des initiatives plus globales, traduisant notre conviction que la recherche de solutions doit d\u00e9passer les fronti\u00e8res nationales. Le financement des think-tanks Europa Nova et Rendre Le D\u00e9sert Habitable en est la traduction.<\/p>\n<p>\u00a0\u00bb content_phone=\u00a0\u00bb<\/p>\n<p style=%22text-align: left;%22>Parce qu\u2019on ne grandit qu\u2019en rendant aux autres la part de chance dont on a b\u00e9n\u00e9fici\u00e9, NYFI a, d\u00e8s le d\u00e9but, une vocation d\u2019ouverture aux autres et de partage. Encourageant la rencontre entre art, business et technique, elle y a d\u00e9di\u00e9 la Galerie du 64 bis. Expositions composites, m\u00ealant art et industrie, conf\u00e9rences, en quinze ans, la galerie a accueilli nombre de performances stimulantes. Parall\u00e8lement, ces derni\u00e8res ann\u00e9es, nous avons souhait\u00e9, chez NYFI, encourager des initiatives plus globales, traduisant notre conviction que la recherche de solutions doit d\u00e9passer les fronti\u00e8res nationales. Le financement des think-tanks Europa Nova et Rendre Le D\u00e9sert Habitable en est la traduction.<\/p>\n<p>\u00a0\u00bb content_last_edited=\u00a0\u00bbon|phone\u00a0\u00bb admin_label=\u00a0\u00bbTexte\u00a0\u00bb _builder_version=\u00a0\u00bb4.16&Prime; _module_preset=\u00a0\u00bbdefault\u00a0\u00bb text_text_color=\u00a0\u00bb#000000&Prime; custom_padding=\u00a0\u00bb||6px|||\u00a0\u00bb custom_padding_tablet=\u00a0\u00bb\u00a0\u00bb custom_padding_phone=\u00a0\u00bb1px||6px|||\u00a0\u00bb custom_padding_last_edited=\u00a0\u00bbon|tablet\u00a0\u00bb animation_style=\u00a0\u00bbfade\u00a0\u00bb animation_duration=\u00a0\u00bb1450ms\u00a0\u00bb global_colors_info=\u00a0\u00bb{}\u00a0\u00bb]<\/p>\n<p style=\"text-align: justify;\">From the origin, giving back has been designed into NYFI\u2019s purpose. Our headquarters at 64 bis avenue de New York was conceived as a showroom to display exhibitions mixing art, technology and industry. During the last 15 years, our Galerie 64 Bis has been showcasing hybrid performances. The idea is to encourage dialogue between art and technology, two important parts of human creativity. On top of that, as challenges ignore borders we have decided to boost more global initiatives such as Europa Nova and Rendre Le D\u00e9sert Habitable Think-tanks .<\/p>\n<p>[\/et_pb_text][et_pb_text content_tablet=\u00a0\u00bb<\/p>\n<p style=%22text-align: left;%22>En 2007, alors qu\u2019il vient de revendre Prosodie, soci\u00e9t\u00e9 qu\u2019il a cr\u00e9\u00e9e et pilot\u00e9e avec succ\u00e8s pendant vingt ans, Alain Bernard cr\u00e9e NYFI, une holding industrielle, avec comme objectif de faciliter la mobilit\u00e9 z\u00e9ro carbone.<\/p>\n<p style=%22text-align: left;%22>Apr\u00e8s le monde des t\u00e9l\u00e9coms et du digital, c\u2019est le sujet de la mobilit\u00e9 et du d\u00e9veloppement durable qui retient son attention. Ce secteur est le plus prometteur \u00e0 la fois en termes d\u2019innovation, et en termes de b\u00e9n\u00e9fices pour ses contemporains.<\/p>\n<p style=%22text-align: left;%22>Ing\u00e9nieur passionn\u00e9 d\u2019innovation depuis le d\u00e9but de sa carri\u00e8re, Alain Bernard est de ceux qui pr\u00e9f\u00e8rent r\u00e9aliser plut\u00f4t que regarder faire. Son \u00e9quipe d\u2019ing\u00e9nieurs accompagne les cr\u00e9ateurs d\u2019entreprise dans leur d\u00e9veloppement au-del\u00e0 de la seule dimension du capital investi.<\/p>\n<p>\u00a0\u00bb content_phone=\u00a0\u00bb<\/p>\n<p style=%22text-align: left;%22>En 2007, alors qu\u2019il vient de revendre Prosodie, soci\u00e9t\u00e9 qu\u2019il a cr\u00e9\u00e9e et pilot\u00e9e avec succ\u00e8s pendant vingt ans, Alain Bernard cr\u00e9e NYFI, une holding industrielle, avec comme objectif de faciliter la mobilit\u00e9 z\u00e9ro carbone.<\/p>\n<p style=%22text-align: left;%22>Apr\u00e8s le monde des t\u00e9l\u00e9coms et du digital, c\u2019est le sujet de la mobilit\u00e9 et du d\u00e9veloppement durable qui retient son attention. Ce secteur est le plus prometteur \u00e0 la fois en termes d\u2019innovation, et en termes de b\u00e9n\u00e9fices pour ses contemporains.<\/p>\n<p style=%22text-align: left;%22>Ing\u00e9nieur passionn\u00e9 d\u2019innovation depuis le d\u00e9but de sa carri\u00e8re, Alain Bernard est de ceux qui pr\u00e9f\u00e8rent r\u00e9aliser plut\u00f4t que regarder faire. Son \u00e9quipe d\u2019ing\u00e9nieurs accompagne les cr\u00e9ateurs d\u2019entreprise dans leur d\u00e9veloppement au-del\u00e0 de la seule dimension du capital investi.<\/p>\n<p>\u00a0\u00bb content_last_edited=\u00a0\u00bboff|desktop\u00a0\u00bb admin_label=\u00a0\u00bbTexte\u00a0\u00bb _builder_version=\u00a0\u00bb4.16&Prime; _module_preset=\u00a0\u00bbdefault\u00a0\u00bb text_text_color=\u00a0\u00bb#000000&Prime; custom_margin=\u00a0\u00bb-5px||||false|false\u00a0\u00bb animation_style=\u00a0\u00bbfade\u00a0\u00bb animation_duration=\u00a0\u00bb1450ms\u00a0\u00bb global_colors_info=\u00a0\u00bb{}\u00a0\u00bb]<\/p>\n<h2>THINK TANKS<\/h2>\n<p>[\/et_pb_text][\/et_pb_column][\/et_pb_row][et_pb_row column_structure=\u00a0\u00bb1_3,1_3,1_3&Prime; use_custom_gutter=\u00a0\u00bbon\u00a0\u00bb gutter_width=\u00a0\u00bb2&Prime; make_equal=\u00a0\u00bbon\u00a0\u00bb _builder_version=\u00a0\u00bb4.27.4&Prime; _module_preset=\u00a0\u00bbdefault\u00a0\u00bb background_color=\u00a0\u00bbrgba(255,255,255,0.74)\u00a0\u00bb width=\u00a0\u00bb90%\u00a0\u00bb max_width=\u00a0\u00bb1920px\u00a0\u00bb custom_margin=\u00a0\u00bb0px||||false|false\u00a0\u00bb custom_padding=\u00a0\u00bb10px|30px|30px|30px|false|false\u00a0\u00bb hover_enabled=\u00a0\u00bb0&Prime; border_radii=\u00a0\u00bboff|||5px|5px\u00a0\u00bb box_shadow_style=\u00a0\u00bbpreset3&Prime; global_colors_info=\u00a0\u00bb{}\u00a0\u00bb sticky_enabled=\u00a0\u00bb0&Prime;][et_pb_column type=\u00a0\u00bb1_3&Prime; _builder_version=\u00a0\u00bb4.16&Prime; _module_preset=\u00a0\u00bbdefault\u00a0\u00bb custom_padding=\u00a0\u00bb0px|0px|0px|0px|false|false\u00a0\u00bb global_colors_info=\u00a0\u00bb{}\u00a0\u00bb][et_pb_text _builder_version=\u00a0\u00bb4.16&Prime; _module_preset=\u00a0\u00bbdefault\u00a0\u00bb custom_margin=\u00a0\u00bb||0px||false|false\u00a0\u00bb global_colors_info=\u00a0\u00bb{}\u00a0\u00bb]<\/p>\n<h2>Europa Nova<\/h2>\n<p>[\/et_pb_text][et_pb_gallery gallery_ids=\u00a0\u00bb763,1151,766&Prime; fullwidth=\u00a0\u00bbon\u00a0\u00bb _builder_version=\u00a0\u00bb4.24.2&Prime; _module_preset=\u00a0\u00bbdefault\u00a0\u00bb custom_margin=\u00a0\u00bb||10px||false|false\u00a0\u00bb animation_style=\u00a0\u00bbfade\u00a0\u00bb auto=\u00a0\u00bbon\u00a0\u00bb box_shadow_style=\u00a0\u00bbpreset3&Prime; global_colors_info=\u00a0\u00bb{}\u00a0\u00bb][\/et_pb_gallery][et_pb_text _builder_version=\u00a0\u00bb4.16&Prime; _module_preset=\u00a0\u00bbdefault\u00a0\u00bb custom_margin=\u00a0\u00bb0px||0px||false|false\u00a0\u00bb custom_padding=\u00a0\u00bb0px||0px||false|false\u00a0\u00bb global_colors_info=\u00a0\u00bb{}\u00a0\u00bb]<\/p>\n<p><a href=\"https:\/\/www.europanova.eu\/\" target=\"_blank\" rel=\"noopener\">europanova.eu<\/a><\/p>\n<p>[\/et_pb_text][\/et_pb_column][et_pb_column type=\u00a0\u00bb1_3&Prime; _builder_version=\u00a0\u00bb4.16&Prime; _module_preset=\u00a0\u00bbdefault\u00a0\u00bb custom_padding=\u00a0\u00bb0px|0px|0px|0px|false|false\u00a0\u00bb global_colors_info=\u00a0\u00bb{}\u00a0\u00bb][et_pb_text _builder_version=\u00a0\u00bb4.16&Prime; _module_preset=\u00a0\u00bbdefault\u00a0\u00bb custom_margin=\u00a0\u00bb||0px||false|false\u00a0\u00bb global_colors_info=\u00a0\u00bb{}\u00a0\u00bb]<\/p>\n<h2>Rendre le desert habitable<\/h2>\n<p>[\/et_pb_text][et_pb_gallery gallery_ids=\u00a0\u00bb772,773,774,775,776,777,778&Prime; gallery_orderby=\u00a0\u00bbrand\u00a0\u00bb fullwidth=\u00a0\u00bbon\u00a0\u00bb _builder_version=\u00a0\u00bb4.16&Prime; _module_preset=\u00a0\u00bbdefault\u00a0\u00bb custom_margin=\u00a0\u00bb||10px||false|false\u00a0\u00bb custom_padding=\u00a0\u00bb||||false|false\u00a0\u00bb animation_style=\u00a0\u00bbfade\u00a0\u00bb auto=\u00a0\u00bbon\u00a0\u00bb box_shadow_style=\u00a0\u00bbpreset3&Prime; global_colors_info=\u00a0\u00bb{}\u00a0\u00bb][\/et_pb_gallery][et_pb_text _builder_version=\u00a0\u00bb4.16&Prime; _module_preset=\u00a0\u00bbdefault\u00a0\u00bb custom_margin=\u00a0\u00bb0px||0px||false|false\u00a0\u00bb custom_padding=\u00a0\u00bb0px||0px||false|false\u00a0\u00bb global_colors_info=\u00a0\u00bb{}\u00a0\u00bb]<\/p>\n<p><a href=\"https:\/\/rendreledeserthabitable.com\/\" target=\"_blank\" rel=\"noopener\">rendreledeserthabitable.com<\/a><\/p>\n<p>[\/et_pb_text][\/et_pb_column][et_pb_column type=\u00a0\u00bb1_3&Prime; _builder_version=\u00a0\u00bb4.16&Prime; _module_preset=\u00a0\u00bbdefault\u00a0\u00bb custom_padding=\u00a0\u00bb0px|0px|0px|0px|false|false\u00a0\u00bb global_colors_info=\u00a0\u00bb{}\u00a0\u00bb][et_pb_text _builder_version=\u00a0\u00bb4.16&Prime; _module_preset=\u00a0\u00bbdefault\u00a0\u00bb custom_margin=\u00a0\u00bb||0px||false|false\u00a0\u00bb global_colors_info=\u00a0\u00bb{}\u00a0\u00bb]<\/p>\n<h2>La Galerie 64 Bis<\/h2>\n<p>[\/et_pb_text][et_pb_gallery gallery_ids=\u00a0\u00bb976,759,757,760,758,761&Prime; fullwidth=\u00a0\u00bbon\u00a0\u00bb _builder_version=\u00a0\u00bb4.16&Prime; _module_preset=\u00a0\u00bbdefault\u00a0\u00bb animation_style=\u00a0\u00bbfade\u00a0\u00bb auto=\u00a0\u00bbon\u00a0\u00bb box_shadow_style=\u00a0\u00bbpreset3&Prime; global_colors_info=\u00a0\u00bb{}\u00a0\u00bb][\/et_pb_gallery][\/et_pb_column][\/et_pb_row][\/et_pb_section]<\/p>\n","protected":false},"excerpt":{"rendered":"<p>From the origin, giving back has been designed into NYFI\u2019s purpose. Our headquarters at 64 bis avenue de New York was conceived as a showroom to display exhibitions mixing art, technology and industry. During the last 15 years, our Galerie 64 Bis has been showcasing hybrid performances. The idea is to encourage dialogue between art [&hellip;]<\/p>\n","protected":false},"author":1,"featured_media":380,"parent":0,"menu_order":0,"comment_status":"closed","ping_status":"closed","template":"","meta":{"_et_pb_use_builder":"on","_et_pb_old_content":"<!-- wp:divi\/placeholder \/-->","_et_gb_content_width":"","footnotes":""},"class_list":["post-69","page","type-page","status-publish","has-post-thumbnail","hentry"],"_links":{"self":[{"href":"https:\/\/www.nyfi.fr\/uk\/wp-json\/wp\/v2\/pages\/69","targetHints":{"allow":["GET"]}}],"collection":[{"href":"https:\/\/www.nyfi.fr\/uk\/wp-json\/wp\/v2\/pages"}],"about":[{"href":"https:\/\/www.nyfi.fr\/uk\/wp-json\/wp\/v2\/types\/page"}],"author":[{"embeddable":true,"href":"https:\/\/www.nyfi.fr\/uk\/wp-json\/wp\/v2\/users\/1"}],"replies":[{"embeddable":true,"href":"https:\/\/www.nyfi.fr\/uk\/wp-json\/wp\/v2\/comments?post=69"}],"version-history":[{"count":5,"href":"https:\/\/www.nyfi.fr\/uk\/wp-json\/wp\/v2\/pages\/69\/revisions"}],"predecessor-version":[{"id":1163,"href":"https:\/\/www.nyfi.fr\/uk\/wp-json\/wp\/v2\/pages\/69\/revisions\/1163"}],"wp:featuredmedia":[{"embeddable":true,"href":"https:\/\/www.nyfi.fr\/uk\/wp-json\/wp\/v2\/media\/380"}],"wp:attachment":[{"href":"https:\/\/www.nyfi.fr\/uk\/wp-json\/wp\/v2\/media?parent=69"}],"curies":[{"name":"wp","href":"https:\/\/api.w.org\/{rel}","templated":true}]}}